{"id":102,"date":"2017-03-24T10:42:42","date_gmt":"2017-03-24T09:42:42","guid":{"rendered":"http:\/\/sitev2.akompano.fr\/?page_id=102"},"modified":"2026-05-13T13:06:15","modified_gmt":"2026-05-13T11:06:15","slug":"accueil-2","status":"publish","type":"page","link":"https:\/\/akompano.fr\/","title":{"rendered":"Accueil"},"content":{"rendered":"<h1 class=\"main-title\"><span style=\"color: #009243;\"><strong>Expertise et pragmatisme,<\/strong> pour vous aider <br \/>\u00e0 tirer tous les b\u00e9n\u00e9fices du num\u00e9rique<\/span><\/h1>\n\n\n<figure class=\"wp-block-image size-large\"><img loading=\"lazy\" decoding=\"async\" width=\"1024\" height=\"284\" src=\"https:\/\/akompano.fr\/wp-content\/uploads\/2026\/04\/accueil-4-1024x284.png\" alt=\"\" class=\"wp-image-993\" srcset=\"https:\/\/akompano.fr\/wp-content\/uploads\/2026\/04\/accueil-4-1024x284.png 1024w, https:\/\/akompano.fr\/wp-content\/uploads\/2026\/04\/accueil-4-300x83.png 300w, https:\/\/akompano.fr\/wp-content\/uploads\/2026\/04\/accueil-4-768x213.png 768w, https:\/\/akompano.fr\/wp-content\/uploads\/2026\/04\/accueil-4-1536x425.png 1536w, https:\/\/akompano.fr\/wp-content\/uploads\/2026\/04\/accueil-4.png 1780w\" sizes=\"auto, (max-width: 1024px) 100vw, 1024px\" \/><\/figure>\n\n\n\n<div style=\"height:25px\" aria-hidden=\"true\" class=\"wp-block-spacer\"><\/div>\n\n\n\n<h2 class=\"wp-block-heading\">Expertises<\/h2>\n\n\n<h5>Conseil et assistance \u00e0 ma\u00eetrise d&rsquo;ouvrage en management de l&rsquo;information :<\/h5>\n<ul>\n<li>\n<h5><strong>Gouvernance de l&rsquo;information<\/strong><\/h5>\n<\/li>\n<li>\n<h5><strong>Processus et cycle de vie de l&rsquo;information<\/strong><\/h5>\n<\/li>\n<li>\n<h5><strong>Syst\u00e8mes d&rsquo;information documentaires<\/strong><\/h5>\n<\/li>\n<\/ul>\n\n\n<div class=\"wp-block-buttons is-content-justification-right is-layout-flex wp-container-core-buttons-is-layout-d445cf74 wp-block-buttons-is-layout-flex\">\n<div class=\"wp-block-button\"><a class=\"wp-block-button__link wp-element-button\" href=\"https:\/\/akompano.fr\/index.php\/expertises\/\">En savoir plus<\/a><\/div>\n<\/div>\n\n\n\n<div style=\"height:20px\" aria-hidden=\"true\" class=\"wp-block-spacer\"><\/div>\n\n\n\n<h2 class=\"wp-block-heading\">Missions<\/h2>\n\n\n<h5>Accompagnement \u00e0 tous les niveaux de projet :<\/h5>\n<ul>\n<li>\n<h5><strong>Strat\u00e9gie<\/strong><\/h5>\n<\/li>\n<li>\n<h5><strong>Choix de solution<\/strong><\/h5>\n<\/li>\n<li>\n<h5><strong>Mise en \u0153uvre<\/strong><\/h5>\n<\/li>\n<li>\n<h5><strong>Accompagnement au changement<\/strong><\/h5>\n<\/li>\n<\/ul>\n\n\n<div class=\"wp-block-buttons is-content-justification-right is-layout-flex wp-container-core-buttons-is-layout-d445cf74 wp-block-buttons-is-layout-flex\">\n<div class=\"wp-block-button\"><a class=\"wp-block-button__link wp-element-button\" href=\"https:\/\/akompano.fr\/index.php\/types-dintervention\/\">En savoir plus<\/a><\/div>\n<\/div>\n\n\n\n<div style=\"height:40px\" aria-hidden=\"true\" class=\"wp-block-spacer\"><\/div>\n\n\n\n<h2 class=\"wp-block-heading\">Engagements<\/h2>\n\n\n\n<h5 class=\"wp-block-heading\">Notre engagement s\u2019appuie sur les valeurs fondamentales du m\u00e9tier de conseil, ainsi que sur l\u2019adoption des meilleures pratiques en mati\u00e8re de num\u00e9rique.<\/h5>\n\n\n\n<div class=\"wp-block-buttons is-content-justification-right is-layout-flex wp-container-core-buttons-is-layout-d445cf74 wp-block-buttons-is-layout-flex\">\n<div class=\"wp-block-button\"><a class=\"wp-block-button__link wp-element-button\" href=\"https:\/\/akompano.fr\/index.php\/entreprise\/\">En savoir plus<\/a><\/div>\n<\/div>\n","protected":false},"excerpt":{"rendered":"<p>Expertise et pragmatisme, pour vous aider \u00e0 tirer tous les b\u00e9n\u00e9fices du num\u00e9rique Expertises Conseil et assistance \u00e0 ma\u00eetrise d&rsquo;ouvrage en management de l&rsquo;information : Gouvernance de l&rsquo;information Processus et cycle de vie de l&rsquo;information Syst\u00e8mes d&rsquo;information documentaires Missions Accompagnement \u00e0 tous les niveaux de projet : Strat\u00e9gie Choix de solution Mise en \u0153uvre Accompagnement [&hellip;]<\/p>\n","protected":false},"author":1,"featured_media":0,"parent":0,"menu_order":0,"comment_status":"closed","ping_status":"closed","template":"","meta":{"zakra_page_container_layout":"customizer","zakra_page_sidebar_layout":"customizer","zakra_remove_content_margin":false,"zakra_sidebar":"customizer","zakra_transparent_header":"customizer","zakra_logo":0,"zakra_main_header_style":"default","zakra_menu_item_color":"","zakra_menu_item_hover_color":"","zakra_menu_item_active_color":"","zakra_menu_active_style":"","zakra_page_header":true,"_monsterinsights_skip_tracking":false,"_monsterinsights_sitenote_active":false,"_monsterinsights_sitenote_note":"","_monsterinsights_sitenote_category":0,"footnotes":""},"class_list":["post-102","page","type-page","status-publish","hentry"],"_links":{"self":[{"href":"https:\/\/akompano.fr\/index.php\/wp-json\/wp\/v2\/pages\/102","targetHints":{"allow":["GET"]}}],"collection":[{"href":"https:\/\/akompano.fr\/index.php\/wp-json\/wp\/v2\/pages"}],"about":[{"href":"https:\/\/akompano.fr\/index.php\/wp-json\/wp\/v2\/types\/page"}],"author":[{"embeddable":true,"href":"https:\/\/akompano.fr\/index.php\/wp-json\/wp\/v2\/users\/1"}],"replies":[{"embeddable":true,"href":"https:\/\/akompano.fr\/index.php\/wp-json\/wp\/v2\/comments?post=102"}],"version-history":[{"count":47,"href":"https:\/\/akompano.fr\/index.php\/wp-json\/wp\/v2\/pages\/102\/revisions"}],"predecessor-version":[{"id":1391,"href":"https:\/\/akompano.fr\/index.php\/wp-json\/wp\/v2\/pages\/102\/revisions\/1391"}],"wp:attachment":[{"href":"https:\/\/akompano.fr\/index.php\/wp-json\/wp\/v2\/media?parent=102"}],"curies":[{"name":"wp","href":"https:\/\/api.w.org\/{rel}","templated":true}]}}