{"id":300,"date":"2017-08-17T08:46:57","date_gmt":"2017-08-17T06:46:57","guid":{"rendered":"http:\/\/akompano.fr\/?page_id=300"},"modified":"2024-12-02T16:43:56","modified_gmt":"2024-12-02T15:43:56","slug":"mentions-legales","status":"publish","type":"page","link":"https:\/\/akompano.fr\/index.php\/mentions-legales\/","title":{"rendered":"Mentions L\u00e9gales"},"content":{"rendered":"<p>Editeur du site :<br \/>\nAKOMPANO SAS au capital de 115.200 euros<br \/>\nImmatricul\u00e9e au RCS de Melun sous le num\u00e9ro SIREN 818 142 499<br \/>\ne-mail : contact@akompano.fr<\/p>\n<p>Directrice de la publication : Fran\u00e7ois Jaumier<\/p>\n<p>Directeur adjoint de la publication : Fr\u00e9d\u00e9ric Clavurier<\/p>\n<p>Date de cr\u00e9ation du site : 2016<\/p>\n<p>H\u00e9bergeur :<br \/>\nOVH<br \/>\nSAS au capital de 10 069 020 \u20ac<br \/>\nRCS Lille M\u00e9tropole 424 761 419 00045<\/p>\n","protected":false},"excerpt":{"rendered":"<p>Editeur du site : AKOMPANO SAS au capital de 115.200 euros Immatricul\u00e9e au RCS de Melun sous le num\u00e9ro SIREN 818 142 499 e-mail : contact@akompano.fr Directrice de la publication : Fran\u00e7ois Jaumier Directeur adjoint de la publication : Fr\u00e9d\u00e9ric Clavurier Date de cr\u00e9ation du site : 2016 H\u00e9bergeur : OVH SAS au capital de [&hellip;]<\/p>\n","protected":false},"author":1,"featured_media":0,"parent":0,"menu_order":0,"comment_status":"closed","ping_status":"closed","template":"","meta":{"zakra_page_container_layout":"customizer","zakra_page_sidebar_layout":"customizer","zakra_remove_content_margin":false,"zakra_sidebar":"customizer","zakra_transparent_header":"customizer","zakra_logo":0,"zakra_main_header_style":"default","zakra_menu_item_color":"","zakra_menu_item_hover_color":"","zakra_menu_item_active_color":"","zakra_menu_active_style":"","zakra_page_header":true,"_monsterinsights_skip_tracking":false,"_monsterinsights_sitenote_active":false,"_monsterinsights_sitenote_note":"","_monsterinsights_sitenote_category":0,"footnotes":""},"class_list":["post-300","page","type-page","status-publish","hentry"],"_links":{"self":[{"href":"https:\/\/akompano.fr\/index.php\/wp-json\/wp\/v2\/pages\/300","targetHints":{"allow":["GET"]}}],"collection":[{"href":"https:\/\/akompano.fr\/index.php\/wp-json\/wp\/v2\/pages"}],"about":[{"href":"https:\/\/akompano.fr\/index.php\/wp-json\/wp\/v2\/types\/page"}],"author":[{"embeddable":true,"href":"https:\/\/akompano.fr\/index.php\/wp-json\/wp\/v2\/users\/1"}],"replies":[{"embeddable":true,"href":"https:\/\/akompano.fr\/index.php\/wp-json\/wp\/v2\/comments?post=300"}],"version-history":[{"count":3,"href":"https:\/\/akompano.fr\/index.php\/wp-json\/wp\/v2\/pages\/300\/revisions"}],"predecessor-version":[{"id":611,"href":"https:\/\/akompano.fr\/index.php\/wp-json\/wp\/v2\/pages\/300\/revisions\/611"}],"wp:attachment":[{"href":"https:\/\/akompano.fr\/index.php\/wp-json\/wp\/v2\/media?parent=300"}],"curies":[{"name":"wp","href":"https:\/\/api.w.org\/{rel}","templated":true}]}}