{"id":355,"date":"2020-02-21T15:32:12","date_gmt":"2020-02-21T14:32:12","guid":{"rendered":"http:\/\/akompano.fr\/?page_id=355"},"modified":"2026-04-14T15:06:46","modified_gmt":"2026-04-14T13:06:46","slug":"missions","status":"publish","type":"page","link":"https:\/\/akompano.fr\/index.php\/missions\/","title":{"rendered":"Missions"},"content":{"rendered":"\n<h2 class=\"wp-block-heading\">Missions<\/h2>\n\n\n\n<p>Nos comp\u00e9tences nous permettent de prendre en charge <strong>tous les niveaux des projets<\/strong>&nbsp;:<\/p>\n\n\n\n<figure class=\"wp-block-image size-large\"><img loading=\"lazy\" decoding=\"async\" width=\"1024\" height=\"300\" src=\"https:\/\/akompano.fr\/wp-content\/uploads\/2026\/04\/Interventions-1-1024x300.png\" alt=\"\" class=\"wp-image-1252\" srcset=\"https:\/\/akompano.fr\/wp-content\/uploads\/2026\/04\/Interventions-1-1024x300.png 1024w, https:\/\/akompano.fr\/wp-content\/uploads\/2026\/04\/Interventions-1-300x88.png 300w, https:\/\/akompano.fr\/wp-content\/uploads\/2026\/04\/Interventions-1-768x225.png 768w, https:\/\/akompano.fr\/wp-content\/uploads\/2026\/04\/Interventions-1-1536x451.png 1536w, https:\/\/akompano.fr\/wp-content\/uploads\/2026\/04\/Interventions-1.png 1599w\" sizes=\"auto, (max-width: 1024px) 100vw, 1024px\" \/><\/figure>\n\n\n\n<p>Les conseils et recommandations que nous pouvons faire dans le cadre des phases de cadrage et d\u2019opportunit\u00e9s sont bas\u00e9es sur les enseignements issus des phases de mise en \u0153uvre op\u00e9rationnelle que nous avons pu vivre, garantissant ainsi leur pragmatisme et leur r\u00e9alisme.<\/p>\n\n\n\n<p>Durant les phases de mise en \u0153uvre, nos m\u00e9thodes de travail nous permettent d\u2019apporter une valeur ajout\u00e9e tr\u00e8s rapidement, que ce soit pour produire un cahier des charges et r\u00e9aliser un choix logiciel, mener des travaux de sp\u00e9cifications ou encore piloter la r\u00e9alisation et la recette des outils.<\/p>\n\n\n\n<p>Nous attachons une attention toute particuli\u00e8re aux actions de conduite du changement que nous savons programmer puis porter \u00e0 un niveau op\u00e9rationnel sous formes d\u2019actions de communication, de formation ou encore d\u2019assistance aux services utilisateurs.<\/p>\n\n\n\n<div style=\"height:30px\" aria-hidden=\"true\" class=\"wp-block-spacer\"><\/div>\n\n\n\n<h2 class=\"wp-block-heading\">Secteurs d&rsquo;activit\u00e9<\/h2>\n\n\n\n<p>Notre expertise repose sur l\u2019exp\u00e9rience de tr\u00e8s nombreux projets men\u00e9es \u00e0 la fois dans le secteur priv\u00e9 (groupes fran\u00e7ais et internationaux) et le secteur public :<\/p>\n\n\n<ul>\n<li>Services et ing\u00e9nierie<\/li>\n<li>Industrie<\/li>\n<li>\u00c9tablissements publics<\/li>\n<li>Collectivit\u00e9s territoriales<\/li>\n<li>Minist\u00e8res<\/li>\n<li>&#8230;<\/li>\n<\/ul>\n\n\n<p><\/p>\n","protected":false},"excerpt":{"rendered":"<p>Missions Nos comp\u00e9tences nous permettent de prendre en charge tous les niveaux des projets&nbsp;: Les conseils et recommandations que nous pouvons faire dans le cadre des phases de cadrage et d\u2019opportunit\u00e9s sont bas\u00e9es sur les enseignements issus des phases de mise en \u0153uvre op\u00e9rationnelle que nous avons pu vivre, garantissant ainsi leur pragmatisme et leur [&hellip;]<\/p>\n","protected":false},"author":1,"featured_media":0,"parent":0,"menu_order":0,"comment_status":"closed","ping_status":"closed","template":"","meta":{"zakra_page_container_layout":"customizer","zakra_page_sidebar_layout":"customizer","zakra_remove_content_margin":false,"zakra_sidebar":"customizer","zakra_transparent_header":"customizer","zakra_logo":0,"zakra_main_header_style":"default","zakra_menu_item_color":"","zakra_menu_item_hover_color":"","zakra_menu_item_active_color":"","zakra_menu_active_style":"","zakra_page_header":true,"_monsterinsights_skip_tracking":false,"_monsterinsights_sitenote_active":false,"_monsterinsights_sitenote_note":"","_monsterinsights_sitenote_category":0,"footnotes":""},"class_list":["post-355","page","type-page","status-publish","hentry"],"_links":{"self":[{"href":"https:\/\/akompano.fr\/index.php\/wp-json\/wp\/v2\/pages\/355","targetHints":{"allow":["GET"]}}],"collection":[{"href":"https:\/\/akompano.fr\/index.php\/wp-json\/wp\/v2\/pages"}],"about":[{"href":"https:\/\/akompano.fr\/index.php\/wp-json\/wp\/v2\/types\/page"}],"author":[{"embeddable":true,"href":"https:\/\/akompano.fr\/index.php\/wp-json\/wp\/v2\/users\/1"}],"replies":[{"embeddable":true,"href":"https:\/\/akompano.fr\/index.php\/wp-json\/wp\/v2\/comments?post=355"}],"version-history":[{"count":19,"href":"https:\/\/akompano.fr\/index.php\/wp-json\/wp\/v2\/pages\/355\/revisions"}],"predecessor-version":[{"id":1273,"href":"https:\/\/akompano.fr\/index.php\/wp-json\/wp\/v2\/pages\/355\/revisions\/1273"}],"wp:attachment":[{"href":"https:\/\/akompano.fr\/index.php\/wp-json\/wp\/v2\/media?parent=355"}],"curies":[{"name":"wp","href":"https:\/\/api.w.org\/{rel}","templated":true}]}}