{"id":67,"date":"2017-03-23T18:26:33","date_gmt":"2017-03-23T17:26:33","guid":{"rendered":"http:\/\/sitev2.akompano.fr\/?page_id=67"},"modified":"2026-04-10T13:58:46","modified_gmt":"2026-04-10T11:58:46","slug":"expertises","status":"publish","type":"page","link":"https:\/\/akompano.fr\/index.php\/expertises\/","title":{"rendered":"Expertises"},"content":{"rendered":"\n<h4 class=\"wp-block-heading\">Nous sommes experts dans la mise en \u0153uvre de processus digitaux de bout en bout et dans la gestion du cycle de vie des donn\u00e9es et documents num\u00e9riques :<\/h4>\n\n\n<div>\u00a0<\/div>\n<div><img loading=\"lazy\" decoding=\"async\" class=\"wp-image-492 aligncenter\" src=\"http:\/\/akompano.fr\/wp-content\/uploads\/2023\/05\/Expertise-300x103.jpg\" alt=\"\" width=\"855\" height=\"293\" srcset=\"https:\/\/akompano.fr\/wp-content\/uploads\/2023\/05\/Expertise-300x103.jpg 300w, https:\/\/akompano.fr\/wp-content\/uploads\/2023\/05\/Expertise-1024x351.jpg 1024w, https:\/\/akompano.fr\/wp-content\/uploads\/2023\/05\/Expertise-768x264.jpg 768w, https:\/\/akompano.fr\/wp-content\/uploads\/2023\/05\/Expertise-1536x527.jpg 1536w, https:\/\/akompano.fr\/wp-content\/uploads\/2023\/05\/Expertise-2048x703.jpg 2048w\" sizes=\"auto, (max-width: 855px) 100vw, 855px\" \/><\/div>\n<div>\u00a0<\/div>","protected":false},"excerpt":{"rendered":"<p>Nous sommes experts dans la mise en \u0153uvre de processus digitaux de bout en bout et dans la gestion du cycle de vie des donn\u00e9es et documents num\u00e9riques : \u00a0 \u00a0<\/p>\n","protected":false},"author":1,"featured_media":0,"parent":0,"menu_order":0,"comment_status":"closed","ping_status":"closed","template":"","meta":{"zakra_page_container_layout":"customizer","zakra_page_sidebar_layout":"customizer","zakra_remove_content_margin":false,"zakra_sidebar":"customizer","zakra_transparent_header":"customizer","zakra_logo":0,"zakra_main_header_style":"default","zakra_menu_item_color":"","zakra_menu_item_hover_color":"","zakra_menu_item_active_color":"","zakra_menu_active_style":"","zakra_page_header":true,"_monsterinsights_skip_tracking":false,"_monsterinsights_sitenote_active":false,"_monsterinsights_sitenote_note":"","_monsterinsights_sitenote_category":0,"footnotes":""},"class_list":["post-67","page","type-page","status-publish","hentry"],"_links":{"self":[{"href":"https:\/\/akompano.fr\/index.php\/wp-json\/wp\/v2\/pages\/67","targetHints":{"allow":["GET"]}}],"collection":[{"href":"https:\/\/akompano.fr\/index.php\/wp-json\/wp\/v2\/pages"}],"about":[{"href":"https:\/\/akompano.fr\/index.php\/wp-json\/wp\/v2\/types\/page"}],"author":[{"embeddable":true,"href":"https:\/\/akompano.fr\/index.php\/wp-json\/wp\/v2\/users\/1"}],"replies":[{"embeddable":true,"href":"https:\/\/akompano.fr\/index.php\/wp-json\/wp\/v2\/comments?post=67"}],"version-history":[{"count":41,"href":"https:\/\/akompano.fr\/index.php\/wp-json\/wp\/v2\/pages\/67\/revisions"}],"predecessor-version":[{"id":1058,"href":"https:\/\/akompano.fr\/index.php\/wp-json\/wp\/v2\/pages\/67\/revisions\/1058"}],"wp:attachment":[{"href":"https:\/\/akompano.fr\/index.php\/wp-json\/wp\/v2\/media?parent=67"}],"curies":[{"name":"wp","href":"https:\/\/api.w.org\/{rel}","templated":true}]}}