{"id":798,"date":"2026-04-10T10:32:11","date_gmt":"2026-04-10T08:32:11","guid":{"rendered":"https:\/\/akompano.fr\/?page_id=798"},"modified":"2026-04-10T19:14:41","modified_gmt":"2026-04-10T17:14:41","slug":"vision-3","status":"publish","type":"page","link":"https:\/\/akompano.fr\/index.php\/vision-3\/","title":{"rendered":"Vision"},"content":{"rendered":"\n<h4 class=\"wp-block-heading\">D\u00e9couvrez ci-dessous nos derni\u00e8res synth\u00e8ses associ\u00e9es \u00e0 nos domaines de comp\u00e9tences et partagez notre vision des projets de management de l\u2019information.<\/h4>\n\n\n\n<div style=\"height:30px\" aria-hidden=\"true\" class=\"wp-block-spacer\"><\/div>\n\n\n\n<hr class=\"wp-block-separator has-alpha-channel-opacity\"\/>\n\n\n\n<h2 class=\"wp-block-heading\">Gestion Electronique de Documents : <br>quelle strat\u00e9gie \u00ab Outil(s) \u00bb ?<\/h2>\n\n\n\n<p>Le terme GED est depuis longtemps entr\u00e9 dans le quotidien de tout professionnel concern\u00e9 par la qualit\u00e9 et l\u2019efficience de la production documentaire num\u00e9rique dans le cadre de son activit\u00e9&#8230; <\/p>\n\n\n\n<div class=\"wp-block-buttons is-content-justification-right is-layout-flex wp-container-core-buttons-is-layout-d445cf74 wp-block-buttons-is-layout-flex\">\n<div class=\"wp-block-button\"><a class=\"wp-block-button__link wp-element-button\" href=\"https:\/\/akompano.fr\/index.php\/gestion-electronique-de-documents\/\">Lire l&rsquo;article<\/a><\/div>\n<\/div>\n\n\n\n<div style=\"height:30px\" aria-hidden=\"true\" class=\"wp-block-spacer\"><\/div>\n\n\n\n<hr class=\"wp-block-separator has-alpha-channel-opacity\"\/>\n\n\n\n<h2 class=\"wp-block-heading\">Archivage \u00e9lectronique :<br>quelle strat\u00e9gie de d\u00e9ploiement pour mon Syst\u00e8me d\u2019Archivage Electronique (SAE) ?<\/h2>\n\n\n\n<p>Les phases de mise en \u0153uvre d\u2019un SAE s\u2019apparentent en partie \u00e0 celles d\u2019autres types d\u2019outils SI, habituellement men\u00e9es suivant les standards de la gestion de projets actuels : cycle en \u00ab V \u00bb, m\u00e9thode agile (voire notre synth\u00e8se sur le sujet) \u2026<\/p>\n\n\n\n<div class=\"wp-block-buttons is-content-justification-right is-layout-flex wp-container-core-buttons-is-layout-d445cf74 wp-block-buttons-is-layout-flex\">\n<div class=\"wp-block-button\"><a class=\"wp-block-button__link wp-element-button\" href=\"https:\/\/akompano.fr\/index.php\/systeme-darchivage-electronique\/\">Lire l&rsquo;article<\/a><\/div>\n<\/div>\n\n\n\n<div style=\"height:30px\" aria-hidden=\"true\" class=\"wp-block-spacer\"><\/div>\n\n\n\n<hr class=\"wp-block-separator has-alpha-channel-opacity\"\/>\n\n\n\n<h2 class=\"wp-block-heading\">Num\u00e9risation : <br>comment mettre en \u0153uvre un centre de services interne ou externe ?<\/h2>\n\n\n\n<p>Il est parfois difficile d\u2019engager un projet de d\u00e9mat\u00e9rialisation en esp\u00e9rant pouvoir<br>faire totalement disparaitre le papier. Plusieurs raisons peuvent l\u2019expliquer&#8230;<\/p>\n\n\n\n<div class=\"wp-block-buttons is-content-justification-right is-layout-flex wp-container-core-buttons-is-layout-d445cf74 wp-block-buttons-is-layout-flex\">\n<div class=\"wp-block-button\"><a class=\"wp-block-button__link wp-element-button\" href=\"https:\/\/akompano.fr\/index.php\/numerisation\/\">Lire l&rsquo;article<\/a><\/div>\n<\/div>\n\n\n\n<div style=\"height:30px\" aria-hidden=\"true\" class=\"wp-block-spacer\"><\/div>\n\n\n\n<hr class=\"wp-block-separator has-alpha-channel-opacity\"\/>\n\n\n\n<h2 class=\"wp-block-heading\">Secteur public et archivage \u00e9lectronique :<br>faites le point sur la mutualisation<\/h2>\n\n\n\n<p>Ces dix derni\u00e8res ann\u00e9es, le nombre de projets d\u2019archivage \u00e9lectronique s\u2019est<br>fortement d\u00e9velopp\u00e9 au sein des structures publiques, impliquant un nombre<br>croissant de services de l\u2019Etat et de collectivit\u00e9s territoriales&#8230;<\/p>\n\n\n\n<div class=\"wp-block-buttons is-content-justification-right is-layout-flex wp-container-core-buttons-is-layout-d445cf74 wp-block-buttons-is-layout-flex\">\n<div class=\"wp-block-button\"><a class=\"wp-block-button__link wp-element-button\" href=\"https:\/\/akompano.fr\/index.php\/secteur-public-et-archivage-electronique\/\">Lire l&rsquo;article<\/a><\/div>\n<\/div>\n\n\n\n<div style=\"height:30px\" aria-hidden=\"true\" class=\"wp-block-spacer\"><\/div>\n\n\n\n<hr class=\"wp-block-separator has-alpha-channel-opacity\"\/>\n\n\n\n<h2 class=\"wp-block-heading\">Op\u00e9ration \u00ab Clean-Up \u00bb sur les r\u00e9pertoires r\u00e9seaux : quelle m\u00e9thode et quels outils ?<\/h2>\n\n\n\n<p>Qui n\u2019a jamais souhait\u00e9 mettre de l\u2019ordre dans ses fichiers personnels et serveurs<br>partag\u00e9s sans avoir eu ni le temps ni les moyens pour passer \u00e0 l\u2019action ? &#8230;<\/p>\n\n\n\n<div class=\"wp-block-buttons is-content-justification-right is-layout-flex wp-container-core-buttons-is-layout-d445cf74 wp-block-buttons-is-layout-flex\">\n<div class=\"wp-block-button\"><a class=\"wp-block-button__link wp-element-button\" href=\"https:\/\/akompano.fr\/index.php\/clean-up-sur-repertoires-reseaux\/\">Lire l&rsquo;article<\/a><\/div>\n<\/div>\n\n\n\n<div style=\"height:30px\" aria-hidden=\"true\" class=\"wp-block-spacer\"><\/div>\n\n\n\n<hr class=\"wp-block-separator has-alpha-channel-opacity\"\/>\n\n\n\n<h2 class=\"wp-block-heading\">Num\u00e9rique Responsable :<br>bonnes pratiques \u00e0 l\u2019\u00e9chelle d\u2019une TPE, notre retour d\u2019exp\u00e9rience<\/h2>\n\n\n\n<p>D\u00e9but 2023, nous nous sommes engag\u00e9s dans une d\u00e9marche Num\u00e9rique Responsable (NR) avec la<br>conviction que, pour accompagner nos clients de mani\u00e8re cr\u00e9dible sur ce th\u00e8me, nous devions d\u2019abord<br>appliquer ces principes \u00e0 nos propres usages. Nous avons ainsi obtenu le label Num\u00e9rique Responsable<br>Niveau 1 de l\u2019Agence Lucie, que nous venons de renouveler d\u00e9but 2026&#8230;<\/p>\n\n\n\n<div class=\"wp-block-buttons is-content-justification-right is-layout-flex wp-container-core-buttons-is-layout-d445cf74 wp-block-buttons-is-layout-flex\">\n<div class=\"wp-block-button\"><a class=\"wp-block-button__link wp-element-button\" href=\"https:\/\/akompano.fr\/index.php\/numerique-responsable\/\">Lire l&rsquo;article<\/a><\/div>\n<\/div>\n\n\n\n<div style=\"height:30px\" aria-hidden=\"true\" class=\"wp-block-spacer\"><\/div>\n\n\n\n<hr class=\"wp-block-separator has-alpha-channel-opacity\"\/>\n","protected":false},"excerpt":{"rendered":"<p>D\u00e9couvrez ci-dessous nos derni\u00e8res synth\u00e8ses associ\u00e9es \u00e0 nos domaines de comp\u00e9tences et partagez notre vision des projets de management de l\u2019information. Gestion Electronique de Documents : quelle strat\u00e9gie \u00ab Outil(s) \u00bb ? Le terme GED est depuis longtemps entr\u00e9 dans le quotidien de tout professionnel concern\u00e9 par la qualit\u00e9 et l\u2019efficience de la production documentaire [&hellip;]<\/p>\n","protected":false},"author":1,"featured_media":0,"parent":0,"menu_order":0,"comment_status":"closed","ping_status":"closed","template":"","meta":{"zakra_page_container_layout":"customizer","zakra_page_sidebar_layout":"customizer","zakra_remove_content_margin":false,"zakra_sidebar":"customizer","zakra_transparent_header":"customizer","zakra_logo":0,"zakra_main_header_style":"default","zakra_menu_item_color":"","zakra_menu_item_hover_color":"","zakra_menu_item_active_color":"","zakra_menu_active_style":"","zakra_page_header":true,"_monsterinsights_skip_tracking":false,"_monsterinsights_sitenote_active":false,"_monsterinsights_sitenote_note":"","_monsterinsights_sitenote_category":0,"footnotes":""},"class_list":["post-798","page","type-page","status-publish","hentry"],"_links":{"self":[{"href":"https:\/\/akompano.fr\/index.php\/wp-json\/wp\/v2\/pages\/798","targetHints":{"allow":["GET"]}}],"collection":[{"href":"https:\/\/akompano.fr\/index.php\/wp-json\/wp\/v2\/pages"}],"about":[{"href":"https:\/\/akompano.fr\/index.php\/wp-json\/wp\/v2\/types\/page"}],"author":[{"embeddable":true,"href":"https:\/\/akompano.fr\/index.php\/wp-json\/wp\/v2\/users\/1"}],"replies":[{"embeddable":true,"href":"https:\/\/akompano.fr\/index.php\/wp-json\/wp\/v2\/comments?post=798"}],"version-history":[{"count":20,"href":"https:\/\/akompano.fr\/index.php\/wp-json\/wp\/v2\/pages\/798\/revisions"}],"predecessor-version":[{"id":1092,"href":"https:\/\/akompano.fr\/index.php\/wp-json\/wp\/v2\/pages\/798\/revisions\/1092"}],"wp:attachment":[{"href":"https:\/\/akompano.fr\/index.php\/wp-json\/wp\/v2\/media?parent=798"}],"curies":[{"name":"wp","href":"https:\/\/api.w.org\/{rel}","templated":true}]}}