{"id":894,"date":"2026-04-10T10:27:07","date_gmt":"2026-04-10T08:27:07","guid":{"rendered":"https:\/\/akompano.fr\/?page_id=894"},"modified":"2026-04-10T19:19:47","modified_gmt":"2026-04-10T17:19:47","slug":"clean-up-sur-repertoires-reseaux","status":"publish","type":"page","link":"https:\/\/akompano.fr\/index.php\/clean-up-sur-repertoires-reseaux\/","title":{"rendered":"\u00ab Clean-Up \u00bb sur r\u00e9pertoires r\u00e9seaux"},"content":{"rendered":"\n<h1 class=\"wp-block-heading\">Op\u00e9ration \u00ab Clean-Up \u00bb sur les r\u00e9pertoires r\u00e9seaux : quelle m\u00e9thode et quels outils ?<\/h1>\n\n\n\n<div style=\"height:30px\" aria-hidden=\"true\" class=\"wp-block-spacer\"><\/div>\n\n\n<h6 style=\"text-align: center;\"><a href=\"#R\u00e9pertoires\"><strong>R\u00e9pertoires Windows<\/strong><\/a><strong>\u00a0 &#8211;\u00a0 <a style=\"color: #009344;\" href=\"#Conditions\">Conditions de r\u00e9ussite<\/a>\u00a0 &#8211;\u00a0 <a style=\"color: #009344;\" href=\"#Etapes\">Etapes<\/a>\u00a0 &#8211;\u00a0 <a style=\"color: #009344;\" href=\"#Outils\">Outils\u00a0<\/a> &#8211;\u00a0 <a style=\"color: #009344;\" href=\"#Organisation\">Organisation\u00a0<\/a> &#8211;\u00a0 <a style=\"color: #009344;\" href=\"#Opportunit\u00e9s\">Opportunit\u00e9s<\/a><\/strong><\/h6>\n\n\n<div style=\"height:30px\" aria-hidden=\"true\" class=\"wp-block-spacer\"><\/div>\n\n\n\n<hr class=\"wp-block-separator has-alpha-channel-opacity\"\/>\n\n\n\n<div style=\"height:30px\" aria-hidden=\"true\" class=\"wp-block-spacer\"><\/div>\n\n\n\n<h2 class=\"wp-block-heading\" id=\"R\u00e9pertoires\">Les r\u00e9pertoires Windows : la simplicit\u00e9 d\u2019utilisation au d\u00e9triment de l\u2019efficience et de la qualit\u00e9 sur le long terme<\/h2>\n\n\n<p>Qui n\u2019a jamais souhait\u00e9 mettre de l\u2019ordre dans ses fichiers personnels et serveurs partag\u00e9s sans avoir eu ni le temps ni les moyens pour passer \u00e0 l\u2019action ?<\/p>\n<p>L\u2019ambition est l\u00e9gitime tant ces espaces s\u2019apparentent rapidement \u00e0 des puits sans fond, r\u00e9gis par une succession de pratiques individuelles et tributaires d\u2019une interface certes pratique au quotidien, mais limitant fortement les capacit\u00e9s de recherche et de rationalisation.<\/p>\n<p>La t\u00e2che consistant \u00e0 nettoyer et organiser ces espaces peut para\u00eetre bien ingrate et fastidieuse devant le nombre consid\u00e9rable de dossiers et de fichiers \u00e0 traiter, d\u2019autant plus qu\u2019elle devra n\u00e9cessairement \u00eatre renouvel\u00e9e r\u00e9guli\u00e8rement.<\/p>\n<p>Elle peut \u00e9galement \u00eatre embarrassante pour les personnes qui en sont charg\u00e9es, d\u00e8s lors qu\u2019elles ne sont pas elles-m\u00eames \u00e0 l\u2019origine des documents. Sur quelle l\u00e9gitimit\u00e9 reposer et quelles r\u00e8gles appliquer pour proc\u00e9der \u00e0 des \u00e9liminations et r\u00e9organiser les fichiers ?<\/p>\n<p>Les b\u00e9n\u00e9fices \u00e0 en attendre n\u2019en restent pas moins cons\u00e9quents : Sur le plan informatique, le co\u00fbt unitaire actuel du T\u00e9raoctet peut sembler d\u00e9risoire compar\u00e9 \u00e0 l\u2019\u00e9nergie \u00e0 consacrer \u00e0 la rationalisation des espaces. Il convient toutefois de raisonner en co\u00fbts complets, incluant \u00e9galement la charge d\u2019exploitation, l\u2019\u00e9nergie<br \/>n\u00e9cessaire et l\u2019obsolescence des infrastructures pour tenir compte de l\u2019\u00e9volution exponentielle des volumes.<\/p>\n<p>Jusqu\u2019\u00e0 quand, par exemple, pourra-t-on continuer \u00e0 sauvegarder les donn\u00e9es avec les moyens existants ? Quel co\u00fbt suppl\u00e9mentaire engendrera \u00e0 terme le renouvellement des infrastructures de stockage ?<\/p>\n<p>Ce co\u00fbt complet de possession d\u00e9pend de nombreux facteurs : le recours \u00e0 des infrastructures internes ou externes (Cloud), les \u00e9conomies d\u2019\u00e9chelle associ\u00e9es \u00e0 la volum\u00e9trie effective, les moyens mobilis\u00e9s par la DSI\u2026<\/p>\n\n\n<div style=\"height:30px\" aria-hidden=\"true\" class=\"wp-block-spacer\"><\/div>\n\n\n\n<figure class=\"wp-block-image aligncenter size-full is-resized\"><img loading=\"lazy\" decoding=\"async\" width=\"877\" height=\"516\" src=\"https:\/\/akompano.fr\/wp-content\/uploads\/2026\/03\/clean-up-1.png\" alt=\"\" class=\"wp-image-895\" style=\"aspect-ratio:1.699590049845227;width:586px;height:auto\" srcset=\"https:\/\/akompano.fr\/wp-content\/uploads\/2026\/03\/clean-up-1.png 877w, https:\/\/akompano.fr\/wp-content\/uploads\/2026\/03\/clean-up-1-300x177.png 300w, https:\/\/akompano.fr\/wp-content\/uploads\/2026\/03\/clean-up-1-768x452.png 768w\" sizes=\"auto, (max-width: 877px) 100vw, 877px\" \/><\/figure>\n\n\n\n<div style=\"height:30px\" aria-hidden=\"true\" class=\"wp-block-spacer\"><\/div>\n\n\n<p>Aussi et surtout, ce \u00ab vrac informatique \u00bb occasionne des pertes d\u2019efficacit\u00e9 et de qualit\u00e9 \u00e0 plusieurs niveaux :<\/p>\n<ul>\n<li>Temps pass\u00e9 \u00e0 rechercher le bon document,<\/li>\n<li>Incertitudes sur la fiabilit\u00e9 des documents retrouv\u00e9s,<\/li>\n<li>Pertes de connaissance avec le d\u00e9part des collaborateurs et l\u2019abandon qui s\u2019en suit d\u2019une partie de ces espaces,<\/li>\n<li>Mauvaise ma\u00eetrise de donn\u00e9es sensibles telles que les donn\u00e9es personnelles.<\/li>\n<\/ul>\n<p>Dans l\u2019absolu, une partie de ces documents aurait vocation \u00e0 \u00eatre migr\u00e9e dans des outils plus structurants tels que des GED ou des espaces collaboratifs.<\/p>\n<p>En pratique, une telle migration peut induire un effort trop important pour des documents anciens ou peu utilis\u00e9s.<\/p>\n\n\n<div style=\"height:30px\" aria-hidden=\"true\" class=\"wp-block-spacer\"><\/div>\n\n\n\n<h2 class=\"wp-block-heading\" id=\"Conditions\">Quelles conditions de r\u00e9ussite ?<\/h2>\n\n\n<p>Trois grands principes nous semblent essentiels pour mener \u00e0 bien une telle<br \/>d\u00e9marche :<\/p>\n<p>1. Ma\u00eetriser le temps \u00e0 y consacrer par les propri\u00e9taires des espaces, dont la gestion de l\u2019information ne constituera que rarement la priorit\u00e9, en ne les impliquant que quand c\u2019est strictement n\u00e9cessaire.<br \/>Cela induit de pouvoir d\u00e9l\u00e9guer certaines t\u00e2ches \u00e0 des collaborateurs dont c\u2019est le m\u00e9tier ou du moins la pr\u00e9occupation.<\/p>\n<p>2. S\u2019affranchir de l\u2019interface utilisateurs Windows traditionnelle, trop contraignante pour explorer les r\u00e9pertoires et traiter les fichiers, et se doter de fonctionnalit\u00e9s permettant d\u2019industrialiser la d\u00e9marche, \u00e0 d\u00e9faut de pouvoir l\u2019automatiser totalement.<br \/>Sur ce point, de nombreux outils sont disponibles pour explorer rapidement un espace, identifier les fichiers volumineux ou anciens et les doublons, r\u00e9organiser les espaces\u2026 Nous illustrons par la suite ces fonctionnalit\u00e9s au travers des outils Octave et Archifiltre d\u00e9velopp\u00e9s par les services de l\u2019Etat. En plus d\u2019\u00eatre gratuits, ces outils pr\u00e9sentent l\u2019int\u00e9r\u00eat de pouvoir s\u2019installer rapidement sur les postes de travail, de r\u00e9partir les t\u00e2ches entre plusieurs intervenants, en distinguant la pr\u00e9paration des traitements, de leur validation,<br \/>puis enfin de leur ex\u00e9cution, et de travailler en mode asynchrone, sans acc\u00e8s continu aux fichiers et sans alt\u00e9rer l\u2019organisation initiale.<\/p>\n<p>3. Mettre en \u0153uvre une d\u00e9marche pragmatique ax\u00e9e sur l\u2019atteinte d\u2019objectifs r\u00e9alistes au regard des moyens mobilisables et mesurables. Il convient de prioriser les objectifs, de s\u00e9lectionner un p\u00e9rim\u00e8tre pr\u00e9sentant un fort potentiel et de taille raisonnable, et d\u2019agir par \u00e9tapes. Une intervention sur un temps court et durant une p\u00e9riode appropri\u00e9e est \u00e9galement souhaitable pour limiter les impacts du chantier durant sa r\u00e9alisation.<\/p>\n\n\n<div style=\"height:30px\" aria-hidden=\"true\" class=\"wp-block-spacer\"><\/div>\n\n\n\n<h2 class=\"wp-block-heading\" id=\"Etapes\">5 \u00e9tapes successives \u00e0 calibrer en fonction des objectifs vis\u00e9s et des moyens disponibles<\/h2>\n\n\n\n<div style=\"height:30px\" aria-hidden=\"true\" class=\"wp-block-spacer\"><\/div>\n\n\n\n<figure class=\"wp-block-image size-full\"><img loading=\"lazy\" decoding=\"async\" width=\"898\" height=\"538\" src=\"https:\/\/akompano.fr\/wp-content\/uploads\/2026\/03\/clean-up-2.png\" alt=\"\" class=\"wp-image-898\" srcset=\"https:\/\/akompano.fr\/wp-content\/uploads\/2026\/03\/clean-up-2.png 898w, https:\/\/akompano.fr\/wp-content\/uploads\/2026\/03\/clean-up-2-300x180.png 300w, https:\/\/akompano.fr\/wp-content\/uploads\/2026\/03\/clean-up-2-768x460.png 768w\" sizes=\"auto, (max-width: 898px) 100vw, 898px\" \/><\/figure>\n\n\n\n<div style=\"height:30px\" aria-hidden=\"true\" class=\"wp-block-spacer\"><\/div>\n\n\n<p>Notre m\u00e9thodologie consiste \u00e0 parall\u00e9liser :<\/p>\n<ul>\n<li>D\u2019une part la r\u00e9alisation de traitements sur les fichiers,<\/li>\n<li>D\u2019autre part la d\u00e9finition de r\u00e8gles de gestion r\u00e9gissant \u00e0 la fois ces traitements et le fonctionnement cible des espaces.<\/li>\n<\/ul>\n<p>La premi\u00e8re \u00e9tape consiste \u00e0 explorer de fa\u00e7on macroscopique (Phase 1) un ensemble potentiellement assez vaste de r\u00e9pertoires et \u00e0 r\u00e9aliser un diagnostic.<\/p>\n<p>Cette \u00e9tape est indispensable. Elle permettra :<\/p>\n<ul>\n<li>d\u2019\u00e9valuer et de cibler le potentiel de l\u2019op\u00e9ration,<\/li>\n<li>d\u2019\u00e9tablir un plan d\u2019actions appropri\u00e9,<\/li>\n<li>et de commencer \u00e0 \u00e9tablir un ensemble de r\u00e8gles qui seront ensuite affin\u00e9es progressivement.<\/li>\n<\/ul>\n<p>Une analyse essentiellement quantitative \u00e0 ce stade sera riche d\u2019enseignements sur l\u2019\u00e9tat g\u00e9n\u00e9ral de l\u2019espace, l\u2019anciennet\u00e9 des fichiers, leurs tailles, les formats utilis\u00e9s \u2026<\/p>\n\n\n<div style=\"height:30px\" aria-hidden=\"true\" class=\"wp-block-spacer\"><\/div>\n\n\n\n<figure class=\"wp-block-image size-full\"><img loading=\"lazy\" decoding=\"async\" width=\"844\" height=\"499\" src=\"https:\/\/akompano.fr\/wp-content\/uploads\/2026\/03\/clean-up-3.png\" alt=\"\" class=\"wp-image-900\" srcset=\"https:\/\/akompano.fr\/wp-content\/uploads\/2026\/03\/clean-up-3.png 844w, https:\/\/akompano.fr\/wp-content\/uploads\/2026\/03\/clean-up-3-300x177.png 300w, https:\/\/akompano.fr\/wp-content\/uploads\/2026\/03\/clean-up-3-768x454.png 768w\" sizes=\"auto, (max-width: 844px) 100vw, 844px\" \/><\/figure>\n\n\n\n<div style=\"height:30px\" aria-hidden=\"true\" class=\"wp-block-spacer\"><\/div>\n\n\n<p>Nous pr\u00e9conisons ensuite de se focaliser sur les fichiers qui peuvent \u00eatre rapidement \u00e9limin\u00e9s (Phase 2), car ais\u00e9ment identifiables comme inutiles ou ind\u00e9sirables, moyennant des contr\u00f4les automatis\u00e9s ou du moins largement assist\u00e9s, ax\u00e9s sur les fichiers volumineux (vid\u00e9os, archives de messagerie\u2026), les doublons et les formats utilis\u00e9s.<\/p>\n<p>A ce stade, l\u2019objectif vis\u00e9 est essentiellement l\u2019optimisation du volume de stockage. L\u2019implication des propri\u00e9taires sera n\u00e9cessaire pour valider ces \u00e9liminations, mais elle ne n\u00e9cessitera qu\u2019un effort limit\u00e9 de leur part, \u00e0 partir du travail de pr\u00e9paration r\u00e9alis\u00e9 en amont et qui aura permis d\u2019identifier ces ind\u00e9sirables.<\/p>\n<p>Vient ensuite une \u00e9tape de nettoyage approfondi (Phase 3) durant lequel les gains recherch\u00e9s se focaliseront davantage sur la qualit\u00e9 et l\u2019efficience et se traduiront notamment par le tri des versions interm\u00e9diaires d\u2019un m\u00eame document, la suppression des documents stock\u00e9s \u00e0 des fins d\u2019exploitation temporaire, la s\u00e9lection des livrables\u2026<\/p>\n<p>A ce stade, la connaissance du m\u00e9tier, et donc l\u2019implication des propri\u00e9taires, devient plus critique pour appr\u00e9cier la pertinence des contenus. Mais l\u00e0 encore, un travail pr\u00e9paratoire bien outill\u00e9 permettra de focaliser leur attention sur des cas bien pr\u00e9cis.<\/p>\n<p>Dans tous les cas et afin que cette \u00e9tape ne soit pas trop chronophage, il convient de se focaliser sur les r\u00e9pertoires les plus critiques, en termes de sensibilit\u00e9 et de nature de fichiers \u00e0 traiter :<\/p>\n<ul>\n<li>par exemple, nettoyer un r\u00e9pertoire de photos ou d\u2019images peut d\u00e9boucher sur un gain d\u2019espace cons\u00e9quent mais n\u00e9cessite un \u0153il expert pour op\u00e9rer le tri,<\/li>\n<li>a contrario, un r\u00e9pertoire contenant des factures devrait permettre d\u2019isoler rapidement celles dont l\u2019archivage ou l\u2019\u00e9limination est envisageable.<\/li>\n<\/ul>\n<p>Ce qui devait \u00eatre \u00e9limin\u00e9 l\u2019ayant \u00e9t\u00e9, il va alors \u00eatre possible de r\u00e9organiser les r\u00e9pertoires et les documents qui les composent (Phase 4).<\/p>\n<p>Pour cela, une phase de concertation pr\u00e9alable est indispensable. Elle permettra d\u2019\u00e9tablir un plan de classement, des r\u00e8gles de nommage et de gestion des droits d\u2019acc\u00e8s,\u2026 Leur mise en \u0153uvre pourra ensuite \u00eatre d\u00e9l\u00e9gu\u00e9e relativement facilement.<\/p>\n<p>On cherchera notamment \u00e0 d\u00e9finir des mod\u00e8les de dossiers qui puissent s\u2019appliquer au plus grand nombre. Par exemple, un dossier projet sera syst\u00e9matiquement compos\u00e9 des r\u00e9pertoires \u00ab Cadrage \u00bb, \u00ab Pilotage \u00bb, \u00ab Livrables \u00bb, \u2026 avec des types de documents pr\u00e9d\u00e9finis associ\u00e9s \u00e0 chacun d\u2019entre eux\u2026<\/p>\n<p>En compl\u00e9ment, l\u2019ajout de m\u00e9tadonn\u00e9es peut \u00eatre envisag\u00e9 \u00e0 condition de rester raisonnable et de pouvoir en automatiser au moins en partie la saisie.<\/p>\n<p>Enfin et si le contexte s\u2019y pr\u00eate (valeur probante sur certains documents, enjeux patrimoniaux associ\u00e9s aux archives publiques\u2026), la derni\u00e8re \u00e9tape consistera \u00e0 archiver les documents (Phase 5) dans des outils appropri\u00e9s \u00e0 leur conservation p\u00e9renne et int\u00e8gre (syst\u00e8me d\u2019archivage \u00e9lectronique, coffre-fort num\u00e9rique).<\/p>\n<p>Les \u00e9tapes pr\u00e9c\u00e9dentes auront normalement permis de pr\u00e9parer ces versements. Il s\u2019agira donc surtout de bien identifier les dossiers concern\u00e9s par cet archivage en s\u2019appuyant sur les dur\u00e9es de conservation de r\u00e9f\u00e9rence et d\u2019initier puis de suivre la cha\u00eene de versement.<\/p>\n\n\n<div style=\"height:30px\" aria-hidden=\"true\" class=\"wp-block-spacer\"><\/div>\n\n\n\n<h2 class=\"wp-block-heading\" id=\"Outils\">Les apports des outils Archifiltre et Octave<\/h2>\n\n\n<p>Archifiltre est un outil particuli\u00e8rement utile en phase d\u2019exploration et de diagnostic (phase 1) puis pour \u00e9liminer les ind\u00e9sirables (phase 2).<\/p>\n<p>Il vous permet, sans avoir \u00e0 t\u00e9l\u00e9charger ou copier les fichiers, de visualiser graphiquement une arborescence de plusieurs dizaines de milliers de fichiers et de plusieurs Tera-octets, d\u2019en \u00e9valuer la profondeur, le nombre de fichiers associ\u00e9s, leur \u00e2ge et leurs formats.<\/p>\n\n\n<div style=\"height:30px\" aria-hidden=\"true\" class=\"wp-block-spacer\"><\/div>\n\n\n\n<figure class=\"wp-block-image size-full\"><img loading=\"lazy\" decoding=\"async\" width=\"843\" height=\"462\" src=\"https:\/\/akompano.fr\/wp-content\/uploads\/2026\/03\/clean-up-4.png\" alt=\"\" class=\"wp-image-903\" srcset=\"https:\/\/akompano.fr\/wp-content\/uploads\/2026\/03\/clean-up-4.png 843w, https:\/\/akompano.fr\/wp-content\/uploads\/2026\/03\/clean-up-4-300x164.png 300w, https:\/\/akompano.fr\/wp-content\/uploads\/2026\/03\/clean-up-4-768x421.png 768w\" sizes=\"auto, (max-width: 843px) 100vw, 843px\" \/><\/figure>\n\n\n\n<div style=\"height:30px\" aria-hidden=\"true\" class=\"wp-block-spacer\"><\/div>\n\n\n<p>Vous pouvez ensuite naviguer au sein de cette interface et taguer les dossiers et documents en fonction des diff\u00e9rentes mesures envisag\u00e9es (\u00ab A supprimer \u00bb, \u00ab Doublons \u00bb, \u00ab Document de travail \u00bb \u2026) et ce, sans dupliquer les fichiers ni les modifier.<\/p>\n<p>Vous pouvez \u00e9galement isoler les doublons \u00e0 partir de l\u2019empreinte des documents et rep\u00e9rer facilement les documents les plus volumineux ou les plus anciens.<\/p>\n<p>Octave quant \u00e0 lui pr\u00e9sente un fort int\u00e9r\u00eat en phase de nettoyage approfondi (phase 3) et de r\u00e9organisation des dossiers (phase 4).<\/p>\n<p>Il vous permet de travailler en s\u00e9curit\u00e9 \u00e0 partir d\u2019une copie du r\u00e9pertoire, en proc\u00e9dant \u00e0 diff\u00e9rentes formes de traitements : d\u00e9doublonnage, reclassement suivant un mod\u00e8le de dossier, ajout de m\u00e9tadonn\u00e9es, \u2026<\/p>\n<p>Il permet \u00e9galement, tout comme Archifiltre, de pr\u00e9parer les paquets d\u2019information \u00e0 verser dans le syst\u00e8me d\u2019archivage, notamment lorsque celui-ci repose sur l\u2019utilisation du SEDA (standard d\u2019\u00e9changes de donn\u00e9es pour l\u2019archivage).<\/p>\n\n\n<div style=\"height:30px\" aria-hidden=\"true\" class=\"wp-block-spacer\"><\/div>\n\n\n\n<figure class=\"wp-block-image size-full\"><img loading=\"lazy\" decoding=\"async\" width=\"865\" height=\"688\" src=\"https:\/\/akompano.fr\/wp-content\/uploads\/2026\/03\/clean-up-5.png\" alt=\"\" class=\"wp-image-905\" srcset=\"https:\/\/akompano.fr\/wp-content\/uploads\/2026\/03\/clean-up-5.png 865w, https:\/\/akompano.fr\/wp-content\/uploads\/2026\/03\/clean-up-5-300x239.png 300w, https:\/\/akompano.fr\/wp-content\/uploads\/2026\/03\/clean-up-5-768x611.png 768w\" sizes=\"auto, (max-width: 865px) 100vw, 865px\" \/><\/figure>\n\n\n\n<div style=\"height:30px\" aria-hidden=\"true\" class=\"wp-block-spacer\"><\/div>\n\n\n<p>Les exports et \u00e9ditions possibles \u00e0 partir de ces 2 outils permettront de proc\u00e9der \u00e0 des traitements de masse et de pr\u00e9senter aux propri\u00e9taires des dossiers des supports de validation avant mise en \u0153uvre effective des mesures propos\u00e9es.<\/p>\n<p>D\u2019autres outils comparables ou compl\u00e9mentaires existent et sont \u00e9galement envisageables pour mener d\u2019autres types d\u2019actions (par exemple pour isoler les fichiers contenant des donn\u00e9es personnelles, automatiser les destructions\u2026).<\/p>\n\n\n<div style=\"height:30px\" aria-hidden=\"true\" class=\"wp-block-spacer\"><\/div>\n\n\n\n<h2 class=\"wp-block-heading\" id=\"Organisation\">Quelle organisation mettre en \u0153uvre ?<\/h2>\n\n\n<p>Comme pour toute autre op\u00e9ration ne s\u2019inscrivant pas directement dans les missions op\u00e9rationnelles d\u2019une direction, une telle d\u00e9marche induit une r\u00e9elle volont\u00e9 des m\u00e9tiers concern\u00e9s et l\u2019appui du management pour la porter.<\/p>\n<p>Tout d\u00e9pendra ensuite de la capacit\u00e9 effective des op\u00e9rationnels \u00e0 s\u2019y investir et de leur culture du management de l\u2019information.<\/p>\n<p>Si ces indicateurs sont au vert, un simple coaching m\u00e9thodologique et un pilotage d\u2019ensemble permettra de gagner en efficacit\u00e9 et de suivre l\u2019atteinte des objectifs.<\/p>\n<p>Dans le cas contraire, des ressources suppl\u00e9tives permettront de soutenir l\u2019op\u00e9ration, et de la mener avec d\u2019autant plus de r\u00e9sultats qu\u2019elles disposeront d\u2019un savoir-faire \u00e9prouv\u00e9 dans ce domaine.<\/p>\n\n\n<div style=\"height:30px\" aria-hidden=\"true\" class=\"wp-block-spacer\"><\/div>\n\n\n\n<h2 class=\"wp-block-heading\" id=\"Opportunit\u00e9s\">Des opportunit\u00e9s invitant \u00e0 une telle d\u00e9marche<\/h2>\n\n\n<p>Parmi ces opportunit\u00e9s, signalons notamment :<\/p>\n<ul>\n<li>les projets visant \u00e0 recourir au Cloud en compl\u00e9ment ou remplacement des ressources informatiques internes (par exemple Office 365). C\u2019est une occasion unique de mettre \u00e0 plat les pratiques existantes, en ne migrant que les documents utiles et en traitant d\u00e9finitivement le reste du stock,<\/li>\n<li>les r\u00e9organisations internes, induisant de revoir l\u2019organisation des dossiers partag\u00e9s associ\u00e9s aux services et directions concern\u00e9es,<\/li>\n<li>les d\u00e9ploiements en lien avec les projets associ\u00e9s \u00e0 la gouvernance de l\u2019information, induisant la mise en \u0153uvre de nouveaux outils de GED, travail collaboratif ou archivage \u00e9lectronique, ou des d\u00e9marches sp\u00e9cifiques associ\u00e9es \u00e0 certaines cat\u00e9gories de donn\u00e9es (RGPD, gestion de la connaissance\u2026).<\/li>\n<\/ul>\n<p>Elle peut \u00e9galement s\u2019envisager lorsque les infrastructures techniques approchent de leur capacit\u00e9 maximale, dans l\u2019optique d\u2019en prolonger l\u2019utilisation de plusieurs ann\u00e9es avant d\u2019envisager de nouveaux investissements massifs.<\/p>\n\n\n<div style=\"height:100px\" aria-hidden=\"true\" class=\"wp-block-spacer\"><\/div>\n\n\n\n<div class=\"wp-block-buttons is-content-justification-center is-layout-flex wp-container-core-buttons-is-layout-a89b3969 wp-block-buttons-is-layout-flex\">\n<div class=\"wp-block-button\"><a class=\"wp-block-button__link wp-element-button\" href=\"https:\/\/akompano.fr\/\">A propos d&rsquo;Akompano<\/a><\/div>\n\n\n\n<div class=\"wp-block-button\"><a class=\"wp-block-button__link has-text-align-left wp-element-button\" href=\"https:\/\/akompano.fr\/index.php\/vision-3\/\">Tous nos articles<\/a><\/div>\n<\/div>\n","protected":false},"excerpt":{"rendered":"<p>Op\u00e9ration \u00ab Clean-Up \u00bb sur les r\u00e9pertoires r\u00e9seaux : quelle m\u00e9thode et quels outils ? R\u00e9pertoires Windows\u00a0 &#8211;\u00a0 Conditions de r\u00e9ussite\u00a0 &#8211;\u00a0 Etapes\u00a0 &#8211;\u00a0 Outils\u00a0 &#8211;\u00a0 Organisation\u00a0 &#8211;\u00a0 Opportunit\u00e9s Les r\u00e9pertoires Windows : la simplicit\u00e9 d\u2019utilisation au d\u00e9triment de l\u2019efficience et de la qualit\u00e9 sur le long terme Qui n\u2019a jamais souhait\u00e9 mettre de l\u2019ordre [&hellip;]<\/p>\n","protected":false},"author":1,"featured_media":0,"parent":0,"menu_order":0,"comment_status":"closed","ping_status":"closed","template":"","meta":{"zakra_page_container_layout":"customizer","zakra_page_sidebar_layout":"customizer","zakra_remove_content_margin":false,"zakra_sidebar":"customizer","zakra_transparent_header":"customizer","zakra_logo":0,"zakra_main_header_style":"default","zakra_menu_item_color":"","zakra_menu_item_hover_color":"","zakra_menu_item_active_color":"","zakra_menu_active_style":"","zakra_page_header":true,"_monsterinsights_skip_tracking":false,"_monsterinsights_sitenote_active":false,"_monsterinsights_sitenote_note":"","_monsterinsights_sitenote_category":0,"footnotes":""},"class_list":["post-894","page","type-page","status-publish","hentry"],"_links":{"self":[{"href":"https:\/\/akompano.fr\/index.php\/wp-json\/wp\/v2\/pages\/894","targetHints":{"allow":["GET"]}}],"collection":[{"href":"https:\/\/akompano.fr\/index.php\/wp-json\/wp\/v2\/pages"}],"about":[{"href":"https:\/\/akompano.fr\/index.php\/wp-json\/wp\/v2\/types\/page"}],"author":[{"embeddable":true,"href":"https:\/\/akompano.fr\/index.php\/wp-json\/wp\/v2\/users\/1"}],"replies":[{"embeddable":true,"href":"https:\/\/akompano.fr\/index.php\/wp-json\/wp\/v2\/comments?post=894"}],"version-history":[{"count":17,"href":"https:\/\/akompano.fr\/index.php\/wp-json\/wp\/v2\/pages\/894\/revisions"}],"predecessor-version":[{"id":1096,"href":"https:\/\/akompano.fr\/index.php\/wp-json\/wp\/v2\/pages\/894\/revisions\/1096"}],"wp:attachment":[{"href":"https:\/\/akompano.fr\/index.php\/wp-json\/wp\/v2\/media?parent=894"}],"curies":[{"name":"wp","href":"https:\/\/api.w.org\/{rel}","templated":true}]}}